{"id":8211,"date":"2026-01-28T23:43:56","date_gmt":"2026-01-28T16:43:56","guid":{"rendered":"https:\/\/helenrecipe.com\/?post_type=product&#038;p=8211"},"modified":"2026-02-04T15:00:54","modified_gmt":"2026-02-04T08:00:54","slug":"hanh-nhan-socola","status":"publish","type":"product","link":"https:\/\/helenrecipe.com\/en\/shop\/hanh-nhan-socola\/","title":{"rendered":"ALMONDS CHOCOLATE"},"content":{"rendered":"","protected":false},"excerpt":{"rendered":"<p>The harmony between the nutty richness of roasted almonds and a lightly bitter chocolate coating creates a refined snack, suitable for all ages.<\/p>\n<ul>\n<li>Net weight: 300g<\/li>\n<li>Ingredients: Almonds (80%), dark chocolate (18%), artificial flavorings (vanilla flavor, chocolate flavor).<\/li>\n<li>Shelf life: 12 months<\/li>\n<\/ul>\n<p>&nbsp;<\/p>","protected":false},"featured_media":8204,"template":"","meta":{"_nectar_blocks_hide_post_title":false,"_nectar_blocks_transparent_header_effect":false,"_nectar_blocks_transparent_header_effect_color":"light","_nectar_blocks_header_animation":false,"_nectar_blocks_header_animation_delay":0,"_nectar_blocks_header_animation_effect":"fade","_nectar_blocks_page_css":"","_nectar_blocks_page_js":""},"product_brand":[],"product_cat":[51],"product_tag":[],"class_list":{"0":"post-8211","1":"product","2":"type-product","3":"status-publish","4":"has-post-thumbnail","6":"product_cat-hat_qua_say","8":"first","9":"instock","10":"shipping-taxable","11":"product-type-simple"},"yoast_head":"<!-- This site is optimized with the Yoast SEO plugin v26.9 - https:\/\/yoast.com\/product\/yoast-seo-wordpress\/ -->\n<title>H\u1ea1nh Nh\u00e2n Socola | Helen Recipe<\/title>\n<meta name=\"description\" content=\"H\u1ea1nh nh\u00e2n socola Helen Recipe k\u1ebft h\u1ee3p h\u1ea1t h\u1ea1nh nh\u00e2n gi\u00f2n b\u00f9i v\u00e0 l\u1edbp socola \u0111\u1eadm v\u1ecb, mang \u0111\u1ebfn h\u01b0\u01a1ng v\u1ecb ng\u1ecdt ng\u00e0o v\u00e0 h\u1ea5p d\u1eabn.\" \/>\n<meta name=\"robots\" content=\"index, follow, max-snippet:-1, max-image-preview:large, max-video-preview:-1\" \/>\n<link rel=\"canonical\" href=\"https:\/\/helenrecipe.com\/en\/shop\/hanh-nhan-socola\/\" \/>\n<meta property=\"og:locale\" content=\"en_US\" \/>\n<meta property=\"og:type\" content=\"article\" \/>\n<meta property=\"og:title\" content=\"H\u1ea1nh Nh\u00e2n Socola | Helen Recipe\" \/>\n<meta property=\"og:description\" content=\"H\u1ea1nh nh\u00e2n socola Helen Recipe k\u1ebft h\u1ee3p h\u1ea1t h\u1ea1nh nh\u00e2n gi\u00f2n b\u00f9i v\u00e0 l\u1edbp socola \u0111\u1eadm v\u1ecb, mang \u0111\u1ebfn h\u01b0\u01a1ng v\u1ecb ng\u1ecdt ng\u00e0o v\u00e0 h\u1ea5p d\u1eabn.\" \/>\n<meta property=\"og:url\" content=\"https:\/\/helenrecipe.com\/en\/shop\/hanh-nhan-socola\/\" \/>\n<meta property=\"og:site_name\" content=\"Helen Recipe\" \/>\n<meta property=\"article:publisher\" content=\"https:\/\/www.facebook.com\/HelenRecipe\" \/>\n<meta property=\"article:modified_time\" content=\"2026-02-04T08:00:54+00:00\" \/>\n<meta property=\"og:image\" content=\"https:\/\/helenrecipe.com\/wp-content\/uploads\/2026\/01\/compressed_Lohnsocola500ml.webp\" \/>\n\t<meta property=\"og:image:width\" content=\"754\" \/>\n\t<meta property=\"og:image:height\" content=\"1006\" \/>\n\t<meta property=\"og:image:type\" content=\"image\/webp\" \/>\n<meta name=\"twitter:card\" content=\"summary_large_image\" \/>\n<meta name=\"twitter:label1\" content=\"Est. reading time\" \/>\n\t<meta name=\"twitter:data1\" content=\"1 minute\" \/>\n<script type=\"application\/ld+json\" class=\"yoast-schema-graph\">{\"@context\":\"https:\/\/schema.org\",\"@graph\":[{\"@type\":\"WebPage\",\"@id\":\"https:\/\/helenrecipe.com\/shop\/hanh-nhan-socola\/\",\"url\":\"https:\/\/helenrecipe.com\/shop\/hanh-nhan-socola\/\",\"name\":\"H\u1ea1nh Nh\u00e2n Socola | Helen Recipe\",\"isPartOf\":{\"@id\":\"https:\/\/helenrecipe.com\/#website\"},\"primaryImageOfPage\":{\"@id\":\"https:\/\/helenrecipe.com\/shop\/hanh-nhan-socola\/#primaryimage\"},\"image\":{\"@id\":\"https:\/\/helenrecipe.com\/shop\/hanh-nhan-socola\/#primaryimage\"},\"thumbnailUrl\":\"https:\/\/helenrecipe.com\/wp-content\/uploads\/2026\/01\/compressed_Lohnsocola500ml.webp\",\"datePublished\":\"2026-01-28T16:43:56+00:00\",\"dateModified\":\"2026-02-04T08:00:54+00:00\",\"description\":\"H\u1ea1nh nh\u00e2n socola Helen Recipe k\u1ebft h\u1ee3p h\u1ea1t h\u1ea1nh nh\u00e2n gi\u00f2n b\u00f9i v\u00e0 l\u1edbp socola \u0111\u1eadm v\u1ecb, mang \u0111\u1ebfn h\u01b0\u01a1ng v\u1ecb ng\u1ecdt ng\u00e0o v\u00e0 h\u1ea5p d\u1eabn.\",\"breadcrumb\":{\"@id\":\"https:\/\/helenrecipe.com\/shop\/hanh-nhan-socola\/#breadcrumb\"},\"inLanguage\":\"en-US\",\"potentialAction\":[{\"@type\":\"ReadAction\",\"target\":[\"https:\/\/helenrecipe.com\/shop\/hanh-nhan-socola\/\"]}]},{\"@type\":\"ImageObject\",\"inLanguage\":\"en-US\",\"@id\":\"https:\/\/helenrecipe.com\/shop\/hanh-nhan-socola\/#primaryimage\",\"url\":\"https:\/\/helenrecipe.com\/wp-content\/uploads\/2026\/01\/compressed_Lohnsocola500ml.webp\",\"contentUrl\":\"https:\/\/helenrecipe.com\/wp-content\/uploads\/2026\/01\/compressed_Lohnsocola500ml.webp\",\"width\":754,\"height\":1006},{\"@type\":\"BreadcrumbList\",\"@id\":\"https:\/\/helenrecipe.com\/shop\/hanh-nhan-socola\/#breadcrumb\",\"itemListElement\":[{\"@type\":\"ListItem\",\"position\":1,\"name\":\"Home\",\"item\":\"https:\/\/helenrecipe.com\/\"},{\"@type\":\"ListItem\",\"position\":2,\"name\":\"S\u1ea3n ph\u1ea9m\",\"item\":\"https:\/\/helenrecipe.com\/shop\/\"},{\"@type\":\"ListItem\",\"position\":3,\"name\":\"H\u1ea1nh nh\u00e2n socola\"}]},{\"@type\":\"WebSite\",\"@id\":\"https:\/\/helenrecipe.com\/#website\",\"url\":\"https:\/\/helenrecipe.com\/\",\"name\":\"Helen Recipe\",\"description\":\"C\u00d4NG TY C\u1ed4 PH\u1ea6N HELEN RECIPE\",\"publisher\":{\"@id\":\"https:\/\/helenrecipe.com\/#organization\"},\"potentialAction\":[{\"@type\":\"SearchAction\",\"target\":{\"@type\":\"EntryPoint\",\"urlTemplate\":\"https:\/\/helenrecipe.com\/?s={search_term_string}\"},\"query-input\":{\"@type\":\"PropertyValueSpecification\",\"valueRequired\":true,\"valueName\":\"search_term_string\"}}],\"inLanguage\":\"en-US\"},{\"@type\":\"Organization\",\"@id\":\"https:\/\/helenrecipe.com\/#organization\",\"name\":\"Helen Recipe\",\"url\":\"https:\/\/helenrecipe.com\/\",\"logo\":{\"@type\":\"ImageObject\",\"inLanguage\":\"en-US\",\"@id\":\"https:\/\/helenrecipe.com\/#\/schema\/logo\/image\/\",\"url\":\"https:\/\/helenrecipe.com\/wp-content\/uploads\/2026\/02\/cropped-Helen-Favicon.jpg\",\"contentUrl\":\"https:\/\/helenrecipe.com\/wp-content\/uploads\/2026\/02\/cropped-Helen-Favicon.jpg\",\"width\":512,\"height\":512,\"caption\":\"Helen Recipe\"},\"image\":{\"@id\":\"https:\/\/helenrecipe.com\/#\/schema\/logo\/image\/\"},\"sameAs\":[\"https:\/\/www.facebook.com\/HelenRecipe\"]}]}<\/script>\n<!-- \/ Yoast SEO plugin. -->","yoast_head_json":{"title":"H\u1ea1nh Nh\u00e2n Socola | Helen Recipe","description":"H\u1ea1nh nh\u00e2n socola Helen Recipe k\u1ebft h\u1ee3p h\u1ea1t h\u1ea1nh nh\u00e2n gi\u00f2n b\u00f9i v\u00e0 l\u1edbp socola \u0111\u1eadm v\u1ecb, mang \u0111\u1ebfn h\u01b0\u01a1ng v\u1ecb ng\u1ecdt ng\u00e0o v\u00e0 h\u1ea5p d\u1eabn.","robots":{"index":"index","follow":"follow","max-snippet":"max-snippet:-1","max-image-preview":"max-image-preview:large","max-video-preview":"max-video-preview:-1"},"canonical":"https:\/\/helenrecipe.com\/en\/shop\/hanh-nhan-socola\/","og_locale":"en_US","og_type":"article","og_title":"H\u1ea1nh Nh\u00e2n Socola | Helen Recipe","og_description":"H\u1ea1nh nh\u00e2n socola Helen Recipe k\u1ebft h\u1ee3p h\u1ea1t h\u1ea1nh nh\u00e2n gi\u00f2n b\u00f9i v\u00e0 l\u1edbp socola \u0111\u1eadm v\u1ecb, mang \u0111\u1ebfn h\u01b0\u01a1ng v\u1ecb ng\u1ecdt ng\u00e0o v\u00e0 h\u1ea5p d\u1eabn.","og_url":"https:\/\/helenrecipe.com\/en\/shop\/hanh-nhan-socola\/","og_site_name":"Helen Recipe","article_publisher":"https:\/\/www.facebook.com\/HelenRecipe","article_modified_time":"2026-02-04T08:00:54+00:00","og_image":[{"width":754,"height":1006,"url":"https:\/\/helenrecipe.com\/wp-content\/uploads\/2026\/01\/compressed_Lohnsocola500ml.webp","type":"image\/webp"}],"twitter_card":"summary_large_image","twitter_misc":{"Est. reading time":"1 minute"},"schema":{"@context":"https:\/\/schema.org","@graph":[{"@type":"WebPage","@id":"https:\/\/helenrecipe.com\/shop\/hanh-nhan-socola\/","url":"https:\/\/helenrecipe.com\/shop\/hanh-nhan-socola\/","name":"H\u1ea1nh Nh\u00e2n Socola | Helen Recipe","isPartOf":{"@id":"https:\/\/helenrecipe.com\/#website"},"primaryImageOfPage":{"@id":"https:\/\/helenrecipe.com\/shop\/hanh-nhan-socola\/#primaryimage"},"image":{"@id":"https:\/\/helenrecipe.com\/shop\/hanh-nhan-socola\/#primaryimage"},"thumbnailUrl":"https:\/\/helenrecipe.com\/wp-content\/uploads\/2026\/01\/compressed_Lohnsocola500ml.webp","datePublished":"2026-01-28T16:43:56+00:00","dateModified":"2026-02-04T08:00:54+00:00","description":"H\u1ea1nh nh\u00e2n socola Helen Recipe k\u1ebft h\u1ee3p h\u1ea1t h\u1ea1nh nh\u00e2n gi\u00f2n b\u00f9i v\u00e0 l\u1edbp socola \u0111\u1eadm v\u1ecb, mang \u0111\u1ebfn h\u01b0\u01a1ng v\u1ecb ng\u1ecdt ng\u00e0o v\u00e0 h\u1ea5p d\u1eabn.","breadcrumb":{"@id":"https:\/\/helenrecipe.com\/shop\/hanh-nhan-socola\/#breadcrumb"},"inLanguage":"en-US","potentialAction":[{"@type":"ReadAction","target":["https:\/\/helenrecipe.com\/shop\/hanh-nhan-socola\/"]}]},{"@type":"ImageObject","inLanguage":"en-US","@id":"https:\/\/helenrecipe.com\/shop\/hanh-nhan-socola\/#primaryimage","url":"https:\/\/helenrecipe.com\/wp-content\/uploads\/2026\/01\/compressed_Lohnsocola500ml.webp","contentUrl":"https:\/\/helenrecipe.com\/wp-content\/uploads\/2026\/01\/compressed_Lohnsocola500ml.webp","width":754,"height":1006},{"@type":"BreadcrumbList","@id":"https:\/\/helenrecipe.com\/shop\/hanh-nhan-socola\/#breadcrumb","itemListElement":[{"@type":"ListItem","position":1,"name":"Home","item":"https:\/\/helenrecipe.com\/"},{"@type":"ListItem","position":2,"name":"S\u1ea3n ph\u1ea9m","item":"https:\/\/helenrecipe.com\/shop\/"},{"@type":"ListItem","position":3,"name":"H\u1ea1nh nh\u00e2n socola"}]},{"@type":"WebSite","@id":"https:\/\/helenrecipe.com\/#website","url":"https:\/\/helenrecipe.com\/","name":"Helen Recipe","description":"C\u00d4NG TY C\u1ed4 PH\u1ea6N HELEN RECIPE","publisher":{"@id":"https:\/\/helenrecipe.com\/#organization"},"potentialAction":[{"@type":"SearchAction","target":{"@type":"EntryPoint","urlTemplate":"https:\/\/helenrecipe.com\/?s={search_term_string}"},"query-input":{"@type":"PropertyValueSpecification","valueRequired":true,"valueName":"search_term_string"}}],"inLanguage":"en-US"},{"@type":"Organization","@id":"https:\/\/helenrecipe.com\/#organization","name":"Helen Recipe","url":"https:\/\/helenrecipe.com\/","logo":{"@type":"ImageObject","inLanguage":"en-US","@id":"https:\/\/helenrecipe.com\/#\/schema\/logo\/image\/","url":"https:\/\/helenrecipe.com\/wp-content\/uploads\/2026\/02\/cropped-Helen-Favicon.jpg","contentUrl":"https:\/\/helenrecipe.com\/wp-content\/uploads\/2026\/02\/cropped-Helen-Favicon.jpg","width":512,"height":512,"caption":"Helen Recipe"},"image":{"@id":"https:\/\/helenrecipe.com\/#\/schema\/logo\/image\/"},"sameAs":["https:\/\/www.facebook.com\/HelenRecipe"]}]}},"_links":{"self":[{"href":"https:\/\/helenrecipe.com\/en\/wp-json\/wp\/v2\/product\/8211","targetHints":{"allow":["GET"]}}],"collection":[{"href":"https:\/\/helenrecipe.com\/en\/wp-json\/wp\/v2\/product"}],"about":[{"href":"https:\/\/helenrecipe.com\/en\/wp-json\/wp\/v2\/types\/product"}],"wp:featuredmedia":[{"embeddable":true,"href":"https:\/\/helenrecipe.com\/en\/wp-json\/wp\/v2\/media\/8204"}],"wp:attachment":[{"href":"https:\/\/helenrecipe.com\/en\/wp-json\/wp\/v2\/media?parent=8211"}],"wp:term":[{"taxonomy":"product_brand","embeddable":true,"href":"https:\/\/helenrecipe.com\/en\/wp-json\/wp\/v2\/product_brand?post=8211"},{"taxonomy":"product_cat","embeddable":true,"href":"https:\/\/helenrecipe.com\/en\/wp-json\/wp\/v2\/product_cat?post=8211"},{"taxonomy":"product_tag","embeddable":true,"href":"https:\/\/helenrecipe.com\/en\/wp-json\/wp\/v2\/product_tag?post=8211"}],"curies":[{"name":"wp","href":"https:\/\/api.w.org\/{rel}","templated":true}]}}