{"id":8210,"date":"2026-01-28T23:42:54","date_gmt":"2026-01-28T16:42:54","guid":{"rendered":"https:\/\/helenrecipe.com\/?post_type=product&#038;p=8210"},"modified":"2026-02-05T11:29:11","modified_gmt":"2026-02-05T04:29:11","slug":"banh-quy-hanh-nhan","status":"publish","type":"product","link":"https:\/\/helenrecipe.com\/en\/shop\/banh-quy-hanh-nhan\/","title":{"rendered":"Almond Cookies"},"content":{"rendered":"","protected":false},"excerpt":{"rendered":"<p>Golden-baked almond cookies, rich with the aroma of butter and topped with crunchy almond slices, make for a wholesome and nutrient-rich snack.<\/p>\n<ul>\n<li>Net weight: 200g<\/li>\n<li>Ingredients: Wheat flour, granulated sugar, eggs, sliced almonds (&gt;5%), vanilla flavoring, preservative (sodium E266), water.<\/li>\n<li>Shelf life: 12 months<\/li>\n<\/ul>","protected":false},"featured_media":8201,"template":"","meta":{"_nectar_blocks_hide_post_title":false,"_nectar_blocks_transparent_header_effect":false,"_nectar_blocks_transparent_header_effect_color":"light","_nectar_blocks_header_animation":false,"_nectar_blocks_header_animation_delay":0,"_nectar_blocks_header_animation_effect":"fade","_nectar_blocks_page_css":"","_nectar_blocks_page_js":""},"product_brand":[],"product_cat":[53],"product_tag":[],"class_list":{"0":"post-8210","1":"product","2":"type-product","3":"status-publish","4":"has-post-thumbnail","6":"product_cat-banh-quy","8":"first","9":"instock","10":"shipping-taxable","11":"product-type-simple"},"yoast_head":"<!-- This site is optimized with the Yoast SEO plugin v27.3 - https:\/\/yoast.com\/product\/yoast-seo-wordpress\/ -->\n<title>B\u00e1nh Quy H\u1ea1nh Nh\u00e2n | Helen Recipe<\/title>\n<meta name=\"description\" content=\"B\u00e1nh quy h\u1ea1nh nh\u00e2n Helen Recipe gi\u00f2n th\u01a1m, k\u1ebft h\u1ee3p h\u1ea1nh nh\u00e2n ch\u1ecdn l\u1ecdc, ph\u00f9 h\u1ee3p d\u00f9ng h\u1eb1ng ng\u00e0y ho\u1eb7c l\u00e0m m\u00f3n qu\u00e0 nh\u1ecf tinh t\u1ebf.\" \/>\n<meta name=\"robots\" content=\"index, follow, max-snippet:-1, max-image-preview:large, max-video-preview:-1\" \/>\n<link rel=\"canonical\" href=\"https:\/\/helenrecipe.com\/en\/shop\/banh-quy-hanh-nhan\/\" \/>\n<meta property=\"og:locale\" content=\"en_US\" \/>\n<meta property=\"og:type\" content=\"article\" \/>\n<meta property=\"og:title\" content=\"B\u00e1nh Quy H\u1ea1nh Nh\u00e2n | Helen Recipe\" \/>\n<meta property=\"og:description\" content=\"B\u00e1nh quy h\u1ea1nh nh\u00e2n Helen Recipe gi\u00f2n th\u01a1m, k\u1ebft h\u1ee3p h\u1ea1nh nh\u00e2n ch\u1ecdn l\u1ecdc, ph\u00f9 h\u1ee3p d\u00f9ng h\u1eb1ng ng\u00e0y ho\u1eb7c l\u00e0m m\u00f3n qu\u00e0 nh\u1ecf tinh t\u1ebf.\" \/>\n<meta property=\"og:url\" content=\"https:\/\/helenrecipe.com\/en\/shop\/banh-quy-hanh-nhan\/\" \/>\n<meta property=\"og:site_name\" content=\"Helen Recipe\" \/>\n<meta property=\"article:publisher\" content=\"https:\/\/www.facebook.com\/HelenRecipe\" \/>\n<meta property=\"article:modified_time\" content=\"2026-02-05T04:29:11+00:00\" \/>\n<meta property=\"og:image\" content=\"https:\/\/helenrecipe.com\/wp-content\/uploads\/2026\/01\/compressed_Coockiehn700ml.webp\" \/>\n\t<meta property=\"og:image:width\" content=\"810\" \/>\n\t<meta property=\"og:image:height\" content=\"1080\" \/>\n\t<meta property=\"og:image:type\" content=\"image\/webp\" \/>\n<meta name=\"twitter:card\" content=\"summary_large_image\" \/>\n<meta name=\"twitter:label1\" content=\"Est. reading time\" \/>\n\t<meta name=\"twitter:data1\" content=\"1 minute\" \/>\n<script type=\"application\/ld+json\" class=\"yoast-schema-graph\">{\"@context\":\"https:\\\/\\\/schema.org\",\"@graph\":[{\"@type\":\"WebPage\",\"@id\":\"https:\\\/\\\/helenrecipe.com\\\/shop\\\/banh-quy-hanh-nhan\\\/\",\"url\":\"https:\\\/\\\/helenrecipe.com\\\/shop\\\/banh-quy-hanh-nhan\\\/\",\"name\":\"B\u00e1nh Quy H\u1ea1nh Nh\u00e2n | Helen Recipe\",\"isPartOf\":{\"@id\":\"https:\\\/\\\/helenrecipe.com\\\/#website\"},\"primaryImageOfPage\":{\"@id\":\"https:\\\/\\\/helenrecipe.com\\\/shop\\\/banh-quy-hanh-nhan\\\/#primaryimage\"},\"image\":{\"@id\":\"https:\\\/\\\/helenrecipe.com\\\/shop\\\/banh-quy-hanh-nhan\\\/#primaryimage\"},\"thumbnailUrl\":\"https:\\\/\\\/helenrecipe.com\\\/wp-content\\\/uploads\\\/2026\\\/01\\\/compressed_Coockiehn700ml.webp\",\"datePublished\":\"2026-01-28T16:42:54+00:00\",\"dateModified\":\"2026-02-05T04:29:11+00:00\",\"description\":\"B\u00e1nh quy h\u1ea1nh nh\u00e2n Helen Recipe gi\u00f2n th\u01a1m, k\u1ebft h\u1ee3p h\u1ea1nh nh\u00e2n ch\u1ecdn l\u1ecdc, ph\u00f9 h\u1ee3p d\u00f9ng h\u1eb1ng ng\u00e0y ho\u1eb7c l\u00e0m m\u00f3n qu\u00e0 nh\u1ecf tinh t\u1ebf.\",\"breadcrumb\":{\"@id\":\"https:\\\/\\\/helenrecipe.com\\\/shop\\\/banh-quy-hanh-nhan\\\/#breadcrumb\"},\"inLanguage\":\"en-US\",\"potentialAction\":[{\"@type\":\"ReadAction\",\"target\":[\"https:\\\/\\\/helenrecipe.com\\\/shop\\\/banh-quy-hanh-nhan\\\/\"]}]},{\"@type\":\"ImageObject\",\"inLanguage\":\"en-US\",\"@id\":\"https:\\\/\\\/helenrecipe.com\\\/shop\\\/banh-quy-hanh-nhan\\\/#primaryimage\",\"url\":\"https:\\\/\\\/helenrecipe.com\\\/wp-content\\\/uploads\\\/2026\\\/01\\\/compressed_Coockiehn700ml.webp\",\"contentUrl\":\"https:\\\/\\\/helenrecipe.com\\\/wp-content\\\/uploads\\\/2026\\\/01\\\/compressed_Coockiehn700ml.webp\",\"width\":810,\"height\":1080},{\"@type\":\"BreadcrumbList\",\"@id\":\"https:\\\/\\\/helenrecipe.com\\\/shop\\\/banh-quy-hanh-nhan\\\/#breadcrumb\",\"itemListElement\":[{\"@type\":\"ListItem\",\"position\":1,\"name\":\"Home\",\"item\":\"https:\\\/\\\/helenrecipe.com\\\/\"},{\"@type\":\"ListItem\",\"position\":2,\"name\":\"S\u1ea3n ph\u1ea9m\",\"item\":\"https:\\\/\\\/helenrecipe.com\\\/shop\\\/\"},{\"@type\":\"ListItem\",\"position\":3,\"name\":\"B\u00e1nh quy h\u1ea1nh nh\u00e2n\"}]},{\"@type\":\"WebSite\",\"@id\":\"https:\\\/\\\/helenrecipe.com\\\/#website\",\"url\":\"https:\\\/\\\/helenrecipe.com\\\/\",\"name\":\"Helen Recipe\",\"description\":\"C\u00d4NG TY C\u1ed4 PH\u1ea6N HELEN RECIPE\",\"publisher\":{\"@id\":\"https:\\\/\\\/helenrecipe.com\\\/#organization\"},\"potentialAction\":[{\"@type\":\"SearchAction\",\"target\":{\"@type\":\"EntryPoint\",\"urlTemplate\":\"https:\\\/\\\/helenrecipe.com\\\/?s={search_term_string}\"},\"query-input\":{\"@type\":\"PropertyValueSpecification\",\"valueRequired\":true,\"valueName\":\"search_term_string\"}}],\"inLanguage\":\"en-US\"},{\"@type\":\"Organization\",\"@id\":\"https:\\\/\\\/helenrecipe.com\\\/#organization\",\"name\":\"Helen Recipe\",\"url\":\"https:\\\/\\\/helenrecipe.com\\\/\",\"logo\":{\"@type\":\"ImageObject\",\"inLanguage\":\"en-US\",\"@id\":\"https:\\\/\\\/helenrecipe.com\\\/#\\\/schema\\\/logo\\\/image\\\/\",\"url\":\"https:\\\/\\\/helenrecipe.com\\\/wp-content\\\/uploads\\\/2026\\\/02\\\/cropped-Helen-Favicon.jpg\",\"contentUrl\":\"https:\\\/\\\/helenrecipe.com\\\/wp-content\\\/uploads\\\/2026\\\/02\\\/cropped-Helen-Favicon.jpg\",\"width\":512,\"height\":512,\"caption\":\"Helen Recipe\"},\"image\":{\"@id\":\"https:\\\/\\\/helenrecipe.com\\\/#\\\/schema\\\/logo\\\/image\\\/\"},\"sameAs\":[\"https:\\\/\\\/www.facebook.com\\\/HelenRecipe\"]}]}<\/script>\n<!-- \/ Yoast SEO plugin. -->","yoast_head_json":{"title":"B\u00e1nh Quy H\u1ea1nh Nh\u00e2n | Helen Recipe","description":"B\u00e1nh quy h\u1ea1nh nh\u00e2n Helen Recipe gi\u00f2n th\u01a1m, k\u1ebft h\u1ee3p h\u1ea1nh nh\u00e2n ch\u1ecdn l\u1ecdc, ph\u00f9 h\u1ee3p d\u00f9ng h\u1eb1ng ng\u00e0y ho\u1eb7c l\u00e0m m\u00f3n qu\u00e0 nh\u1ecf tinh t\u1ebf.","robots":{"index":"index","follow":"follow","max-snippet":"max-snippet:-1","max-image-preview":"max-image-preview:large","max-video-preview":"max-video-preview:-1"},"canonical":"https:\/\/helenrecipe.com\/en\/shop\/banh-quy-hanh-nhan\/","og_locale":"en_US","og_type":"article","og_title":"B\u00e1nh Quy H\u1ea1nh Nh\u00e2n | Helen Recipe","og_description":"B\u00e1nh quy h\u1ea1nh nh\u00e2n Helen Recipe gi\u00f2n th\u01a1m, k\u1ebft h\u1ee3p h\u1ea1nh nh\u00e2n ch\u1ecdn l\u1ecdc, ph\u00f9 h\u1ee3p d\u00f9ng h\u1eb1ng ng\u00e0y ho\u1eb7c l\u00e0m m\u00f3n qu\u00e0 nh\u1ecf tinh t\u1ebf.","og_url":"https:\/\/helenrecipe.com\/en\/shop\/banh-quy-hanh-nhan\/","og_site_name":"Helen Recipe","article_publisher":"https:\/\/www.facebook.com\/HelenRecipe","article_modified_time":"2026-02-05T04:29:11+00:00","og_image":[{"width":810,"height":1080,"url":"https:\/\/helenrecipe.com\/wp-content\/uploads\/2026\/01\/compressed_Coockiehn700ml.webp","type":"image\/webp"}],"twitter_card":"summary_large_image","twitter_misc":{"Est. reading time":"1 minute"},"schema":{"@context":"https:\/\/schema.org","@graph":[{"@type":"WebPage","@id":"https:\/\/helenrecipe.com\/shop\/banh-quy-hanh-nhan\/","url":"https:\/\/helenrecipe.com\/shop\/banh-quy-hanh-nhan\/","name":"B\u00e1nh Quy H\u1ea1nh Nh\u00e2n | Helen Recipe","isPartOf":{"@id":"https:\/\/helenrecipe.com\/#website"},"primaryImageOfPage":{"@id":"https:\/\/helenrecipe.com\/shop\/banh-quy-hanh-nhan\/#primaryimage"},"image":{"@id":"https:\/\/helenrecipe.com\/shop\/banh-quy-hanh-nhan\/#primaryimage"},"thumbnailUrl":"https:\/\/helenrecipe.com\/wp-content\/uploads\/2026\/01\/compressed_Coockiehn700ml.webp","datePublished":"2026-01-28T16:42:54+00:00","dateModified":"2026-02-05T04:29:11+00:00","description":"B\u00e1nh quy h\u1ea1nh nh\u00e2n Helen Recipe gi\u00f2n th\u01a1m, k\u1ebft h\u1ee3p h\u1ea1nh nh\u00e2n ch\u1ecdn l\u1ecdc, ph\u00f9 h\u1ee3p d\u00f9ng h\u1eb1ng ng\u00e0y ho\u1eb7c l\u00e0m m\u00f3n qu\u00e0 nh\u1ecf tinh t\u1ebf.","breadcrumb":{"@id":"https:\/\/helenrecipe.com\/shop\/banh-quy-hanh-nhan\/#breadcrumb"},"inLanguage":"en-US","potentialAction":[{"@type":"ReadAction","target":["https:\/\/helenrecipe.com\/shop\/banh-quy-hanh-nhan\/"]}]},{"@type":"ImageObject","inLanguage":"en-US","@id":"https:\/\/helenrecipe.com\/shop\/banh-quy-hanh-nhan\/#primaryimage","url":"https:\/\/helenrecipe.com\/wp-content\/uploads\/2026\/01\/compressed_Coockiehn700ml.webp","contentUrl":"https:\/\/helenrecipe.com\/wp-content\/uploads\/2026\/01\/compressed_Coockiehn700ml.webp","width":810,"height":1080},{"@type":"BreadcrumbList","@id":"https:\/\/helenrecipe.com\/shop\/banh-quy-hanh-nhan\/#breadcrumb","itemListElement":[{"@type":"ListItem","position":1,"name":"Home","item":"https:\/\/helenrecipe.com\/"},{"@type":"ListItem","position":2,"name":"S\u1ea3n ph\u1ea9m","item":"https:\/\/helenrecipe.com\/shop\/"},{"@type":"ListItem","position":3,"name":"B\u00e1nh quy h\u1ea1nh nh\u00e2n"}]},{"@type":"WebSite","@id":"https:\/\/helenrecipe.com\/#website","url":"https:\/\/helenrecipe.com\/","name":"Helen Recipe","description":"C\u00d4NG TY C\u1ed4 PH\u1ea6N HELEN RECIPE","publisher":{"@id":"https:\/\/helenrecipe.com\/#organization"},"potentialAction":[{"@type":"SearchAction","target":{"@type":"EntryPoint","urlTemplate":"https:\/\/helenrecipe.com\/?s={search_term_string}"},"query-input":{"@type":"PropertyValueSpecification","valueRequired":true,"valueName":"search_term_string"}}],"inLanguage":"en-US"},{"@type":"Organization","@id":"https:\/\/helenrecipe.com\/#organization","name":"Helen Recipe","url":"https:\/\/helenrecipe.com\/","logo":{"@type":"ImageObject","inLanguage":"en-US","@id":"https:\/\/helenrecipe.com\/#\/schema\/logo\/image\/","url":"https:\/\/helenrecipe.com\/wp-content\/uploads\/2026\/02\/cropped-Helen-Favicon.jpg","contentUrl":"https:\/\/helenrecipe.com\/wp-content\/uploads\/2026\/02\/cropped-Helen-Favicon.jpg","width":512,"height":512,"caption":"Helen Recipe"},"image":{"@id":"https:\/\/helenrecipe.com\/#\/schema\/logo\/image\/"},"sameAs":["https:\/\/www.facebook.com\/HelenRecipe"]}]}},"_links":{"self":[{"href":"https:\/\/helenrecipe.com\/en\/wp-json\/wp\/v2\/product\/8210","targetHints":{"allow":["GET"]}}],"collection":[{"href":"https:\/\/helenrecipe.com\/en\/wp-json\/wp\/v2\/product"}],"about":[{"href":"https:\/\/helenrecipe.com\/en\/wp-json\/wp\/v2\/types\/product"}],"wp:featuredmedia":[{"embeddable":true,"href":"https:\/\/helenrecipe.com\/en\/wp-json\/wp\/v2\/media\/8201"}],"wp:attachment":[{"href":"https:\/\/helenrecipe.com\/en\/wp-json\/wp\/v2\/media?parent=8210"}],"wp:term":[{"taxonomy":"product_brand","embeddable":true,"href":"https:\/\/helenrecipe.com\/en\/wp-json\/wp\/v2\/product_brand?post=8210"},{"taxonomy":"product_cat","embeddable":true,"href":"https:\/\/helenrecipe.com\/en\/wp-json\/wp\/v2\/product_cat?post=8210"},{"taxonomy":"product_tag","embeddable":true,"href":"https:\/\/helenrecipe.com\/en\/wp-json\/wp\/v2\/product_tag?post=8210"}],"curies":[{"name":"wp","href":"https:\/\/api.w.org\/{rel}","templated":true}]}}