{"id":8028,"date":"2026-01-21T12:08:24","date_gmt":"2026-01-21T05:08:24","guid":{"rendered":"https:\/\/helenrecipe.com\/?post_type=product&#038;p=8028"},"modified":"2026-02-04T14:58:14","modified_gmt":"2026-02-04T07:58:14","slug":"hat-dieu-rang-muoi","status":"publish","type":"product","link":"https:\/\/helenrecipe.com\/en\/shop\/hat-dieu-rang-muoi\/","title":{"rendered":"Salted Roasted Cashews"},"content":{"rendered":"","protected":false},"excerpt":{"rendered":"<p data-start=\"0\" data-end=\"241\">Salted roasted cashews are made from 99% carefully selected cashews and 1% pure salt, roasted at optimal temperatures to preserve their rich, buttery flavor, satisfying crunch, and perfectly balanced savoriness. Nutrient-rich and food-safe, they are an ideal choice for a wholesome everyday snack.<\/p>\n<ul>\n<li>Net weight: 200g<\/li>\n<li>Shelf life: 12 months<\/li>\n<li>Certification: ISO 22000:2018<\/li>\n<\/ul>","protected":false},"featured_media":8053,"template":"","meta":{"_nectar_blocks_hide_post_title":false,"_nectar_blocks_transparent_header_effect":false,"_nectar_blocks_transparent_header_effect_color":"light","_nectar_blocks_header_animation":false,"_nectar_blocks_header_animation_delay":0,"_nectar_blocks_header_animation_effect":"fade","_nectar_blocks_page_css":"","_nectar_blocks_page_js":""},"product_brand":[],"product_cat":[51],"product_tag":[],"class_list":{"0":"post-8028","1":"product","2":"type-product","3":"status-publish","4":"has-post-thumbnail","6":"product_cat-hat_qua_say","8":"first","9":"instock","10":"shipping-taxable","11":"product-type-simple"},"yoast_head":"<!-- This site is optimized with the Yoast SEO plugin v27.3 - https:\/\/yoast.com\/product\/yoast-seo-wordpress\/ -->\n<title>H\u1ea1t \u0110i\u1ec1u Rang Mu\u1ed1i | Helen Recipe<\/title>\n<meta name=\"description\" content=\"H\u1ea1t \u0111i\u1ec1u rang mu\u1ed1i Helen Recipe \u0111\u01b0\u1ee3c ch\u1ecdn l\u1ecdc k\u1ef9 l\u01b0\u1ee1ng, rang gi\u00f2n th\u01a1m c\u00f9ng mu\u1ed1i tinh khi\u1ebft, gi\u1eef tr\u1ecdn v\u1ecb b\u00e9o b\u00f9i v\u00e0 gi\u00e1 tr\u1ecb dinh d\u01b0\u1ee1ng t\u1ef1 nhi\u00ean.\" \/>\n<meta name=\"robots\" content=\"index, follow, max-snippet:-1, max-image-preview:large, max-video-preview:-1\" \/>\n<link rel=\"canonical\" href=\"https:\/\/helenrecipe.com\/en\/shop\/hat-dieu-rang-muoi\/\" \/>\n<meta property=\"og:locale\" content=\"en_US\" \/>\n<meta property=\"og:type\" content=\"article\" \/>\n<meta property=\"og:title\" content=\"H\u1ea1t \u0110i\u1ec1u Rang Mu\u1ed1i | Helen Recipe\" \/>\n<meta property=\"og:description\" content=\"H\u1ea1t \u0111i\u1ec1u rang mu\u1ed1i Helen Recipe \u0111\u01b0\u1ee3c ch\u1ecdn l\u1ecdc k\u1ef9 l\u01b0\u1ee1ng, rang gi\u00f2n th\u01a1m c\u00f9ng mu\u1ed1i tinh khi\u1ebft, gi\u1eef tr\u1ecdn v\u1ecb b\u00e9o b\u00f9i v\u00e0 gi\u00e1 tr\u1ecb dinh d\u01b0\u1ee1ng t\u1ef1 nhi\u00ean.\" \/>\n<meta property=\"og:url\" content=\"https:\/\/helenrecipe.com\/en\/shop\/hat-dieu-rang-muoi\/\" \/>\n<meta property=\"og:site_name\" content=\"Helen Recipe\" \/>\n<meta property=\"article:publisher\" content=\"https:\/\/www.facebook.com\/HelenRecipe\" \/>\n<meta property=\"article:modified_time\" content=\"2026-02-04T07:58:14+00:00\" \/>\n<meta property=\"og:image\" content=\"https:\/\/helenrecipe.com\/wp-content\/uploads\/2026\/01\/compressed_Ruou-vang-A100-Apollinare-Vino-Rosso-nhap-khau-Y-3.webp\" \/>\n\t<meta property=\"og:image:width\" content=\"1015\" \/>\n\t<meta property=\"og:image:height\" content=\"1350\" \/>\n\t<meta property=\"og:image:type\" content=\"image\/webp\" \/>\n<meta name=\"twitter:card\" content=\"summary_large_image\" \/>\n<meta name=\"twitter:label1\" content=\"Est. reading time\" \/>\n\t<meta name=\"twitter:data1\" content=\"1 minute\" \/>\n<script type=\"application\/ld+json\" class=\"yoast-schema-graph\">{\"@context\":\"https:\\\/\\\/schema.org\",\"@graph\":[{\"@type\":\"WebPage\",\"@id\":\"https:\\\/\\\/helenrecipe.com\\\/shop\\\/hat-dieu-rang-muoi\\\/\",\"url\":\"https:\\\/\\\/helenrecipe.com\\\/shop\\\/hat-dieu-rang-muoi\\\/\",\"name\":\"H\u1ea1t \u0110i\u1ec1u Rang Mu\u1ed1i | Helen Recipe\",\"isPartOf\":{\"@id\":\"https:\\\/\\\/helenrecipe.com\\\/#website\"},\"primaryImageOfPage\":{\"@id\":\"https:\\\/\\\/helenrecipe.com\\\/shop\\\/hat-dieu-rang-muoi\\\/#primaryimage\"},\"image\":{\"@id\":\"https:\\\/\\\/helenrecipe.com\\\/shop\\\/hat-dieu-rang-muoi\\\/#primaryimage\"},\"thumbnailUrl\":\"https:\\\/\\\/helenrecipe.com\\\/wp-content\\\/uploads\\\/2026\\\/01\\\/compressed_Ruou-vang-A100-Apollinare-Vino-Rosso-nhap-khau-Y-3.webp\",\"datePublished\":\"2026-01-21T05:08:24+00:00\",\"dateModified\":\"2026-02-04T07:58:14+00:00\",\"description\":\"H\u1ea1t \u0111i\u1ec1u rang mu\u1ed1i Helen Recipe \u0111\u01b0\u1ee3c ch\u1ecdn l\u1ecdc k\u1ef9 l\u01b0\u1ee1ng, rang gi\u00f2n th\u01a1m c\u00f9ng mu\u1ed1i tinh khi\u1ebft, gi\u1eef tr\u1ecdn v\u1ecb b\u00e9o b\u00f9i v\u00e0 gi\u00e1 tr\u1ecb dinh d\u01b0\u1ee1ng t\u1ef1 nhi\u00ean.\",\"breadcrumb\":{\"@id\":\"https:\\\/\\\/helenrecipe.com\\\/shop\\\/hat-dieu-rang-muoi\\\/#breadcrumb\"},\"inLanguage\":\"en-US\",\"potentialAction\":[{\"@type\":\"ReadAction\",\"target\":[\"https:\\\/\\\/helenrecipe.com\\\/shop\\\/hat-dieu-rang-muoi\\\/\"]}]},{\"@type\":\"ImageObject\",\"inLanguage\":\"en-US\",\"@id\":\"https:\\\/\\\/helenrecipe.com\\\/shop\\\/hat-dieu-rang-muoi\\\/#primaryimage\",\"url\":\"https:\\\/\\\/helenrecipe.com\\\/wp-content\\\/uploads\\\/2026\\\/01\\\/compressed_Ruou-vang-A100-Apollinare-Vino-Rosso-nhap-khau-Y-3.webp\",\"contentUrl\":\"https:\\\/\\\/helenrecipe.com\\\/wp-content\\\/uploads\\\/2026\\\/01\\\/compressed_Ruou-vang-A100-Apollinare-Vino-Rosso-nhap-khau-Y-3.webp\",\"width\":1015,\"height\":1350},{\"@type\":\"BreadcrumbList\",\"@id\":\"https:\\\/\\\/helenrecipe.com\\\/shop\\\/hat-dieu-rang-muoi\\\/#breadcrumb\",\"itemListElement\":[{\"@type\":\"ListItem\",\"position\":1,\"name\":\"Home\",\"item\":\"https:\\\/\\\/helenrecipe.com\\\/\"},{\"@type\":\"ListItem\",\"position\":2,\"name\":\"S\u1ea3n ph\u1ea9m\",\"item\":\"https:\\\/\\\/helenrecipe.com\\\/shop\\\/\"},{\"@type\":\"ListItem\",\"position\":3,\"name\":\"H\u1ea1t \u0111i\u1ec1u rang mu\u1ed1i\"}]},{\"@type\":\"WebSite\",\"@id\":\"https:\\\/\\\/helenrecipe.com\\\/#website\",\"url\":\"https:\\\/\\\/helenrecipe.com\\\/\",\"name\":\"Helen Recipe\",\"description\":\"C\u00d4NG TY C\u1ed4 PH\u1ea6N HELEN RECIPE\",\"publisher\":{\"@id\":\"https:\\\/\\\/helenrecipe.com\\\/#organization\"},\"potentialAction\":[{\"@type\":\"SearchAction\",\"target\":{\"@type\":\"EntryPoint\",\"urlTemplate\":\"https:\\\/\\\/helenrecipe.com\\\/?s={search_term_string}\"},\"query-input\":{\"@type\":\"PropertyValueSpecification\",\"valueRequired\":true,\"valueName\":\"search_term_string\"}}],\"inLanguage\":\"en-US\"},{\"@type\":\"Organization\",\"@id\":\"https:\\\/\\\/helenrecipe.com\\\/#organization\",\"name\":\"Helen Recipe\",\"url\":\"https:\\\/\\\/helenrecipe.com\\\/\",\"logo\":{\"@type\":\"ImageObject\",\"inLanguage\":\"en-US\",\"@id\":\"https:\\\/\\\/helenrecipe.com\\\/#\\\/schema\\\/logo\\\/image\\\/\",\"url\":\"https:\\\/\\\/helenrecipe.com\\\/wp-content\\\/uploads\\\/2026\\\/02\\\/cropped-Helen-Favicon.jpg\",\"contentUrl\":\"https:\\\/\\\/helenrecipe.com\\\/wp-content\\\/uploads\\\/2026\\\/02\\\/cropped-Helen-Favicon.jpg\",\"width\":512,\"height\":512,\"caption\":\"Helen Recipe\"},\"image\":{\"@id\":\"https:\\\/\\\/helenrecipe.com\\\/#\\\/schema\\\/logo\\\/image\\\/\"},\"sameAs\":[\"https:\\\/\\\/www.facebook.com\\\/HelenRecipe\"]}]}<\/script>\n<!-- \/ Yoast SEO plugin. -->","yoast_head_json":{"title":"H\u1ea1t \u0110i\u1ec1u Rang Mu\u1ed1i | Helen Recipe","description":"H\u1ea1t \u0111i\u1ec1u rang mu\u1ed1i Helen Recipe \u0111\u01b0\u1ee3c ch\u1ecdn l\u1ecdc k\u1ef9 l\u01b0\u1ee1ng, rang gi\u00f2n th\u01a1m c\u00f9ng mu\u1ed1i tinh khi\u1ebft, gi\u1eef tr\u1ecdn v\u1ecb b\u00e9o b\u00f9i v\u00e0 gi\u00e1 tr\u1ecb dinh d\u01b0\u1ee1ng t\u1ef1 nhi\u00ean.","robots":{"index":"index","follow":"follow","max-snippet":"max-snippet:-1","max-image-preview":"max-image-preview:large","max-video-preview":"max-video-preview:-1"},"canonical":"https:\/\/helenrecipe.com\/en\/shop\/hat-dieu-rang-muoi\/","og_locale":"en_US","og_type":"article","og_title":"H\u1ea1t \u0110i\u1ec1u Rang Mu\u1ed1i | Helen Recipe","og_description":"H\u1ea1t \u0111i\u1ec1u rang mu\u1ed1i Helen Recipe \u0111\u01b0\u1ee3c ch\u1ecdn l\u1ecdc k\u1ef9 l\u01b0\u1ee1ng, rang gi\u00f2n th\u01a1m c\u00f9ng mu\u1ed1i tinh khi\u1ebft, gi\u1eef tr\u1ecdn v\u1ecb b\u00e9o b\u00f9i v\u00e0 gi\u00e1 tr\u1ecb dinh d\u01b0\u1ee1ng t\u1ef1 nhi\u00ean.","og_url":"https:\/\/helenrecipe.com\/en\/shop\/hat-dieu-rang-muoi\/","og_site_name":"Helen Recipe","article_publisher":"https:\/\/www.facebook.com\/HelenRecipe","article_modified_time":"2026-02-04T07:58:14+00:00","og_image":[{"width":1015,"height":1350,"url":"https:\/\/helenrecipe.com\/wp-content\/uploads\/2026\/01\/compressed_Ruou-vang-A100-Apollinare-Vino-Rosso-nhap-khau-Y-3.webp","type":"image\/webp"}],"twitter_card":"summary_large_image","twitter_misc":{"Est. reading time":"1 minute"},"schema":{"@context":"https:\/\/schema.org","@graph":[{"@type":"WebPage","@id":"https:\/\/helenrecipe.com\/shop\/hat-dieu-rang-muoi\/","url":"https:\/\/helenrecipe.com\/shop\/hat-dieu-rang-muoi\/","name":"H\u1ea1t \u0110i\u1ec1u Rang Mu\u1ed1i | Helen Recipe","isPartOf":{"@id":"https:\/\/helenrecipe.com\/#website"},"primaryImageOfPage":{"@id":"https:\/\/helenrecipe.com\/shop\/hat-dieu-rang-muoi\/#primaryimage"},"image":{"@id":"https:\/\/helenrecipe.com\/shop\/hat-dieu-rang-muoi\/#primaryimage"},"thumbnailUrl":"https:\/\/helenrecipe.com\/wp-content\/uploads\/2026\/01\/compressed_Ruou-vang-A100-Apollinare-Vino-Rosso-nhap-khau-Y-3.webp","datePublished":"2026-01-21T05:08:24+00:00","dateModified":"2026-02-04T07:58:14+00:00","description":"H\u1ea1t \u0111i\u1ec1u rang mu\u1ed1i Helen Recipe \u0111\u01b0\u1ee3c ch\u1ecdn l\u1ecdc k\u1ef9 l\u01b0\u1ee1ng, rang gi\u00f2n th\u01a1m c\u00f9ng mu\u1ed1i tinh khi\u1ebft, gi\u1eef tr\u1ecdn v\u1ecb b\u00e9o b\u00f9i v\u00e0 gi\u00e1 tr\u1ecb dinh d\u01b0\u1ee1ng t\u1ef1 nhi\u00ean.","breadcrumb":{"@id":"https:\/\/helenrecipe.com\/shop\/hat-dieu-rang-muoi\/#breadcrumb"},"inLanguage":"en-US","potentialAction":[{"@type":"ReadAction","target":["https:\/\/helenrecipe.com\/shop\/hat-dieu-rang-muoi\/"]}]},{"@type":"ImageObject","inLanguage":"en-US","@id":"https:\/\/helenrecipe.com\/shop\/hat-dieu-rang-muoi\/#primaryimage","url":"https:\/\/helenrecipe.com\/wp-content\/uploads\/2026\/01\/compressed_Ruou-vang-A100-Apollinare-Vino-Rosso-nhap-khau-Y-3.webp","contentUrl":"https:\/\/helenrecipe.com\/wp-content\/uploads\/2026\/01\/compressed_Ruou-vang-A100-Apollinare-Vino-Rosso-nhap-khau-Y-3.webp","width":1015,"height":1350},{"@type":"BreadcrumbList","@id":"https:\/\/helenrecipe.com\/shop\/hat-dieu-rang-muoi\/#breadcrumb","itemListElement":[{"@type":"ListItem","position":1,"name":"Home","item":"https:\/\/helenrecipe.com\/"},{"@type":"ListItem","position":2,"name":"S\u1ea3n ph\u1ea9m","item":"https:\/\/helenrecipe.com\/shop\/"},{"@type":"ListItem","position":3,"name":"H\u1ea1t \u0111i\u1ec1u rang mu\u1ed1i"}]},{"@type":"WebSite","@id":"https:\/\/helenrecipe.com\/#website","url":"https:\/\/helenrecipe.com\/","name":"Helen Recipe","description":"C\u00d4NG TY C\u1ed4 PH\u1ea6N HELEN RECIPE","publisher":{"@id":"https:\/\/helenrecipe.com\/#organization"},"potentialAction":[{"@type":"SearchAction","target":{"@type":"EntryPoint","urlTemplate":"https:\/\/helenrecipe.com\/?s={search_term_string}"},"query-input":{"@type":"PropertyValueSpecification","valueRequired":true,"valueName":"search_term_string"}}],"inLanguage":"en-US"},{"@type":"Organization","@id":"https:\/\/helenrecipe.com\/#organization","name":"Helen Recipe","url":"https:\/\/helenrecipe.com\/","logo":{"@type":"ImageObject","inLanguage":"en-US","@id":"https:\/\/helenrecipe.com\/#\/schema\/logo\/image\/","url":"https:\/\/helenrecipe.com\/wp-content\/uploads\/2026\/02\/cropped-Helen-Favicon.jpg","contentUrl":"https:\/\/helenrecipe.com\/wp-content\/uploads\/2026\/02\/cropped-Helen-Favicon.jpg","width":512,"height":512,"caption":"Helen Recipe"},"image":{"@id":"https:\/\/helenrecipe.com\/#\/schema\/logo\/image\/"},"sameAs":["https:\/\/www.facebook.com\/HelenRecipe"]}]}},"_links":{"self":[{"href":"https:\/\/helenrecipe.com\/en\/wp-json\/wp\/v2\/product\/8028","targetHints":{"allow":["GET"]}}],"collection":[{"href":"https:\/\/helenrecipe.com\/en\/wp-json\/wp\/v2\/product"}],"about":[{"href":"https:\/\/helenrecipe.com\/en\/wp-json\/wp\/v2\/types\/product"}],"wp:featuredmedia":[{"embeddable":true,"href":"https:\/\/helenrecipe.com\/en\/wp-json\/wp\/v2\/media\/8053"}],"wp:attachment":[{"href":"https:\/\/helenrecipe.com\/en\/wp-json\/wp\/v2\/media?parent=8028"}],"wp:term":[{"taxonomy":"product_brand","embeddable":true,"href":"https:\/\/helenrecipe.com\/en\/wp-json\/wp\/v2\/product_brand?post=8028"},{"taxonomy":"product_cat","embeddable":true,"href":"https:\/\/helenrecipe.com\/en\/wp-json\/wp\/v2\/product_cat?post=8028"},{"taxonomy":"product_tag","embeddable":true,"href":"https:\/\/helenrecipe.com\/en\/wp-json\/wp\/v2\/product_tag?post=8028"}],"curies":[{"name":"wp","href":"https:\/\/api.w.org\/{rel}","templated":true}]}}